{"id":1077,"date":"2013-07-31T18:21:27","date_gmt":"2013-07-31T18:21:27","guid":{"rendered":"http:\/\/www.pascalarquitectos.com\/?page_id=1077"},"modified":"2020-01-14T19:14:03","modified_gmt":"2020-01-14T19:14:03","slug":"bienales-y-exhibiciones","status":"publish","type":"page","link":"https:\/\/www.pascalarquitectos.com\/wordpress2\/bienales-y-exhibiciones\/","title":{"rendered":"Bienales y exhibiciones"},"content":{"rendered":"<div class=\"wpb-content-wrapper\"><p>[vc_row][vc_column][vc_tta_accordion][vc_tta_section title=&#8221;2014&#8243; tab_id=&#8221;1575484877784-fffa97ce-289e&#8221;][vc_column_text]<strong>MARZO 2014 \u00a0&#8211; &#8220;ARQUITECTURA CONTEMPORANEA MEXICANA; LA CIUDAD Y SU ARQUITECTURA RECIENTE<\/strong>\u00a0Exposici\u00f3n fotogr\u00e1fica de obra &#8220;Edificios de oficina Gor&#8221; instalada en el Camell\u00f3n de Avenida Reforma.[\/vc_column_text][\/vc_tta_section][vc_tta_section title=&#8221;2012&#8243; tab_id=&#8221;1575484877823-aa527544-0f1f&#8221;][vc_column_text]<b>NOVIEMBRE 2012 \u00a0&#8211;\u00a0<\/b><strong>MARIO BUELA INTERPRETA A PASCAL ARQUITECTOS <\/strong>Universidad Iberoamericana, Campus Santa Fe. <a href=\"http:\/\/www.pascalarquitectos.com\/mario-buela\/\">VER INFO<\/a><\/p>\n<p><b>OCTUBRE 2012 &#8211;\u00a0<\/b><strong>EXPOSICI\u00d3N\u00a0 \u201cCROQUIS\u00a0 Y MOLESKINE\u201d<\/strong> dibujos por arquitectos y moleskine.<\/p>\n<p><b>JULIO 2012 &#8211;\u00a0<\/b><strong>EXPOSICI\u00d3N \u201cEL OJO DEL ARQUITECTO\u201d<\/strong> Muestra de fotograf\u00eda in\u00e9dita de los arquitectos sobre su propia obra, instalada en el Camell\u00f3n de Avenida Reforma.\u00a0<a href=\"http:\/\/www.pascalarquitectos.com\/ojo-del-arquitecto\/\">VER INFO<\/a><\/p>\n<p><b>MAYO 2012 &#8211;\u00a0<\/b><strong>EL COLEGIO DE ARQUITECTOS DE COSTA RICA\u00a0<\/strong>realiz\u00f3 la XI\u00a0bienal internacional de arquitectura 2012 con el tema \u201cSostenibilidad\u201d.\u00a0<a href=\"http:\/\/www.pascalarquitectos.com\/bienal-de-arquitectura-san-jose-costa-rica-2012\/\">VER INFO<\/a>[\/vc_column_text][\/vc_tta_section][vc_tta_section title=&#8221;2011&#8243; tab_id=&#8221;1575485559973-f59d4afe-4ee7&#8243;][vc_column_text]<strong>SEPTIEMBRE 2011<\/strong> &#8211;<strong> XII BIENAL INTERNACIONAL DE ARQUITECTURA DE BUENOS AIRES 2011.<\/strong> Participaci\u00f3n en la exhibici\u00f3n de proyectos. Argentina. <a href=\"http:\/\/www.pascalarquitectos.com\/bienal-de-arquitectura-buenos-aires-2011\/\">VER INFO<\/a>[\/vc_column_text][\/vc_tta_section][vc_tta_section title=&#8221;2010&#8243; tab_id=&#8221;1575485556839-0be4c4d5-6f0e&#8221;][vc_column_text]<strong>NOVIEMBRE 2010\u00a0&#8211; PASCAL ARQUITECTOS PARTICIP\u00d3 EN DESIGN WEEK 2010, JUNTO CON 12 DESPACHOS MAS,\u00a0<\/strong>en un proyecto en com\u00fan para remodelar una casa de la d\u00e9cada de 1950.<strong>\u00a0<\/strong><a href=\"http:\/\/www.pascalarquitectos.com\/design-week\/\">VER INFO<\/a><\/p>\n<p><strong>OCTUBRE 2010<\/strong>\u00a0&#8211; <strong>PASCAL ARQUITECTOS PARTICIP\u00d3 EN EL FORO INTERNACIONAL &#8220;DESIGN CHANGES THE WORLD&#8221;,\u00a0<\/strong>\u00a0junto con otros renombrados arquitectos y dise\u00f1adores de todo el mundo. \u00a0<a href=\"http:\/\/www.pascalarquitectos.com\/china-idu\/\">VER INFO<\/a>[\/vc_column_text][\/vc_tta_section][vc_tta_section title=&#8221;2009&#8243; tab_id=&#8221;1575485679603-5659a164-6527&#8243;][vc_column_text]<strong>SEPTIEMBRE 2009<\/strong> &#8211; <strong>XII BIENAL INTERNACIONAL DE ARQUITECTURA DE BUENOS AIRES 2007.<\/strong> Participaci\u00f3n en la Exhibici\u00f3n de proyectos. Argentina.[\/vc_column_text][\/vc_tta_section][vc_tta_section title=&#8221;2008&#8243; tab_id=&#8221;1575485759428-84cc2667-52a5&#8243;][vc_column_text]<strong>AGOSTO 2008<\/strong> &#8211;<strong> X BIENAL DE ARQUITECTURA MEXICANA 2008.<\/strong> Medalla de Plata por Casa de Meditaci\u00f3n (Servicios religiosos) y menci\u00f3n Especial a Nisha Lounge Bar (Dise\u00f1o de Interiores e Integraci\u00f3n Pl\u00e1stica). <a href=\"http:\/\/www.pascalarquitectos.com\/bienal-de-arquitectura-mexico-20018\/\">VER INFO<\/a><\/p>\n<p><b>JUNIO 2008 &#8211; <\/b><strong>XXIII CONGRESO INTERNACIONAL DE ARQUITECTURA DE LA UNI\u00d3N INTERNACIONAL DE ARQUITECTOS (UIA).<\/strong> Participaci\u00f3n en la Exhibici\u00f3n Mundial de Arquitectura, Secci\u00f3n Arquitectura \u00a0M \u00a0Mexicana. Tur\u00edn, Italia.<\/p>\n<p><strong>MARZO 2008<\/strong> \u2013 <strong>EXHIBICION INTERNACIONAL MARBLE ARCHITECTURE AWARDS 2008.<\/strong> \u00a0Marina di Carrara, Italia. <a href=\"http:\/\/www.pascalarquitectos.com\/marble-architecture-awards\/\">VER INFO<\/a>[\/vc_column_text][\/vc_tta_section][vc_tta_section title=&#8221;2007&#8243; tab_id=&#8221;1575502539182-76bcbacd-66fa&#8221;][vc_row_inner][vc_column_inner][vc_column_text]<strong>NOVIEMBRE 2007 &#8211;<\/strong>\u00a0<strong>DURANTE ESTA EDICI\u00d3N PASCAL ARQUITECTOS CONCURSO DENTRO DE LA CATEGORIA<\/strong> de edificios p\u00fablicos\u00a0(edificios de menos de 10,000 pies 2) ganador de la Medalla de Plata con el proyecto Casa de Meditaci\u00f3n.<\/p>\n<p><strong>NOVIEMBRE 2007 &#8211;<\/strong> <strong>VII BIENAL INTERNACIONAL DE ARQUITECTURA DE SAN PABLO.<\/strong> Arquitectos Extranjeros Invitados a la Exhibici\u00f3n. San Pablo, Brasil.<strong>\u00a0<\/strong><a href=\"http:\/\/www.pascalarquitectos.com\/7a-bienal-internacional-de-arquitectura-de-sao-paulo\/\">VER INFO<\/a><\/p>\n<p><strong>NOVIEMBRE 2007 &#8211;\u00a0BIENAL MIAMI BEACH.\u00a0ARQUITECTURA, PAISAJISMO Y DISE\u00d1O DE INTERIORES.<\/strong>\u00a0Pascal Arquitectos Medalla de Plata.<strong>\u00a0<\/strong><a href=\"http:\/\/www.pascalarquitectos.com\/bienal-miami-beach-2007\/\">VER INFO<\/a><\/p>\n<p><strong>OCTUBRE 2007<\/strong> &#8211; <strong>EXHIBICION IFI DESIGN EXCELLENCE AWARD.<\/strong> Finalistas en la Categor\u00eda Espacios P\u00fablicos: Casa de Meditaci\u00f3n. Busan, Corea.<strong>\u00a0<\/strong><a href=\"http:\/\/www.pascalarquitectos.com\/ifi-world-design-congress-2007\/\">VER INFO<\/a><\/p>\n<p><strong>SEPTIEMBRE 2007 &#8211;<\/strong> <strong>XI BIENAL INTERNACIONAL DE ARQUITECTURA DE BUENOS AIRES 2007.<\/strong> Participaci\u00f3n en la Exhibici\u00f3n de Proyectos. Argentina.[\/vc_column_text][\/vc_column_inner][\/vc_row_inner][\/vc_tta_section][vc_tta_section title=&#8221;2006&#8243; tab_id=&#8221;1575502599362-3be2a441-6acc&#8221;][vc_column_text]<strong>MAYO 2006 &#8211;<\/strong> <strong>VIII BIENAL DE ARQUITECTURA DE COSTA RICA 2006.<\/strong> Menci\u00f3n Especial al Proyecto Patrimonial\u00a0 \u201cEdificio Bolivia\u201d. Costa Rica. <a href=\"http:\/\/www.pascalarquitectos.com\/bienal-de-arquitectura-costa-rica-2006\/\">VER INFO\u00a0<\/a><\/p>\n<p><strong>MAYO 2006 &#8211;<\/strong> <strong>EXHIBICION &#8221; TERCERA MUESTRA INTERNACIONAL DE INTERIORISMO CONTEMPORANEO&#8221;<\/strong> Bienal M\u00e9xico. M\u00e9xico, D.F.<\/p>\n<p><strong>2005-2006 &#8211;<\/strong> <strong>III BIENAL INTERNACIONAL DE ARQUITECTURA INTERIOR Y DISE\u00d1O DE M\u00c9XICO.<\/strong> M\u00e9xico, D.F[\/vc_column_text][\/vc_tta_section][vc_tta_section title=&#8221;2005&#8243; tab_id=&#8221;1575502651331-10521b61-2960&#8243;][vc_row_inner][vc_column_inner][vc_column_text]<strong>2005 &#8211;<\/strong> <strong>EXPOSICI\u00d3N 50 A\u00d1OS, 50 OBRAS.<\/strong> Universidad Iberoamericana. 50 Aniversario del Departamento de Arquitectura 1955 \u2013 2005. M\u00e9xico, D.F.[\/vc_column_text][\/vc_column_inner][\/vc_row_inner][\/vc_tta_section][vc_tta_section title=&#8221;2003&#8243; tab_id=&#8221;1575502703705-021d47a1-b623&#8243;][vc_column_text]<strong>OCTUBRE 2003 &#8211;<\/strong> <strong>EXHIBICION &#8220;SEGUNDA MUESTRA INTERNACIONAL DE INTERIORISMO CONTEMPORANEO&#8221;.<\/strong> El Consejo Nacional para la Cultura y las Artes. Instituto Nacional de Bellas Artes CAM SAM. M\u00e9xico D.F. M\u00e9xico.[\/vc_column_text][\/vc_tta_section][vc_tta_section title=&#8221;2002&#8243; tab_id=&#8221;1575502750397-d8e217fd-786a&#8221;][vc_column_text]<strong>OCTUBRE 2002 &#8211;<\/strong> <strong>EXHIBICION &#8220;PRIMERA MUESTRA INTERNACIONAL DE INTERIORISMO CONTEMPORANEO&#8221;.<\/strong> El Consejo Nacional para la Cultura y las Artes. Instituto Nacional de Bellas Artes. IIDA M\u00e9xico D.F. M\u00e9xico[\/vc_column_text][\/vc_tta_section][vc_tta_section title=&#8221;1999&#8243; tab_id=&#8221;1575502816227-37869291-791e&#8221;][vc_column_text]<strong>ABRIL 1999 &#8211; EXHIBICION &#8220;ARQUITECTURA RELIGIOSA EN M\u00c9XICO, SIGLO XX&#8221;.<\/strong> El Consejo Nacional\u00a0 para la Cultura y las Artes. Instituto Nacional de Bellas Artes. Academia Nacional de Arquitectura. M\u00e9xico D.F. M\u00e9xico.[\/vc_column_text][\/vc_tta_section][vc_tta_section title=&#8221;1995&#8243; tab_id=&#8221;1575502959262-19215949-c2fe&#8221;][vc_column_text]<strong>NOVIEMBRE 1995 &#8211;<\/strong> <strong>EXHIBICION \u201cAVANCES EN LA CONSERVACI\u00d3N DE LA ARQUITECTURA DEL SIGLO XX\u201d.<\/strong>\u00a0 El Consejo Nacional para la Cultura y las Artes a trav\u00e9s del Instituto Nacional de Bellas Artes. Museo Nacional de Arquitectura, M\u00e9xico, D.F. M\u00e9xico.[\/vc_column_text][\/vc_tta_section][\/vc_tta_accordion][\/vc_column][\/vc_row]<\/p>\n<\/div>","protected":false},"excerpt":{"rendered":"<p>[vc_row][vc_column][vc_tta_accordion][vc_tta_section title=&#8221;2014&#8243; tab_id=&#8221;1575484877784-fffa97ce-289e&#8221;][vc_column_text]MARZO 2014 \u00a0&#8211; &#8220;ARQUITECTURA CONTEMPORANEA MEXICANA; LA CIUDAD Y SU ARQUITECTURA RECIENTE\u00a0Exposici\u00f3n fotogr\u00e1fica de obra &#8220;Edificios de oficina Gor&#8221; instalada en el Camell\u00f3n de Avenida Reforma.[\/vc_column_text][\/vc_tta_section][vc_tta_section title=&#8221;2012&#8243; tab_id=&#8221;1575484877823-aa527544-0f1f&#8221;][vc_column_text]NOVIEMBRE 2012 \u00a0&#8211;\u00a0MARIO BUELA INTERPRETA A PASCAL ARQUITECTOS Universidad Iberoamericana, Campus Santa Fe. VER INFO OCTUBRE 2012 &#8211;\u00a0EXPOSICI\u00d3N\u00a0 \u201cCROQUIS\u00a0 Y MOLESKINE\u201d dibujos por arquitectos y moleskine. &hellip;<\/p>\n","protected":false},"author":1,"featured_media":0,"parent":0,"menu_order":0,"comment_status":"closed","ping_status":"open","template":"","meta":{"inline_featured_image":false,"footnotes":""},"class_list":["post-1077","page","type-page","status-publish","hentry"],"_links":{"self":[{"href":"https:\/\/www.pascalarquitectos.com\/wordpress2\/wp-json\/wp\/v2\/pages\/1077","targetHints":{"allow":["GET"]}}],"collection":[{"href":"https:\/\/www.pascalarquitectos.com\/wordpress2\/wp-json\/wp\/v2\/pages"}],"about":[{"href":"https:\/\/www.pascalarquitectos.com\/wordpress2\/wp-json\/wp\/v2\/types\/page"}],"author":[{"embeddable":true,"href":"https:\/\/www.pascalarquitectos.com\/wordpress2\/wp-json\/wp\/v2\/users\/1"}],"replies":[{"embeddable":true,"href":"https:\/\/www.pascalarquitectos.com\/wordpress2\/wp-json\/wp\/v2\/comments?post=1077"}],"version-history":[{"count":16,"href":"https:\/\/www.pascalarquitectos.com\/wordpress2\/wp-json\/wp\/v2\/pages\/1077\/revisions"}],"predecessor-version":[{"id":14074,"href":"https:\/\/www.pascalarquitectos.com\/wordpress2\/wp-json\/wp\/v2\/pages\/1077\/revisions\/14074"}],"wp:attachment":[{"href":"https:\/\/www.pascalarquitectos.com\/wordpress2\/wp-json\/wp\/v2\/media?parent=1077"}],"curies":[{"name":"wp","href":"https:\/\/api.w.org\/{rel}","templated":true}]}}