{"id":1083,"date":"2013-07-31T18:23:09","date_gmt":"2013-07-31T18:23:09","guid":{"rendered":"http:\/\/www.pascalarquitectos.com\/?page_id=1083"},"modified":"2019-12-15T20:06:57","modified_gmt":"2019-12-15T20:06:57","slug":"conferencias","status":"publish","type":"page","link":"https:\/\/www.pascalarquitectos.com\/wordpress2\/conferencias\/","title":{"rendered":"Conferencias"},"content":{"rendered":"<div class=\"wpb-content-wrapper\"><p>[vc_row][vc_column][vc_tta_accordion][vc_tta_section title=&#8221;2015&#8243; tab_id=&#8221;1575503987166-c3a62ab1-a483&#8243;][vc_column_text]<strong>FEBRERO 25 &#8211; CELAYA &#8211; \u00a0<\/strong>Jornada XXII de Arquitectura e Interiorismo &#8211; Universidad Latina de M\u00e9xico[\/vc_column_text][\/vc_tta_section][vc_tta_section title=&#8221;2014&#8243; tab_id=&#8221;1575503987214-267a02a5-3be1&#8243;][vc_column_text]<strong>OCTUBRE 23 &#8211; GUADALAJARA &#8211;\u00a0<\/strong>7mo Congreso Internacional Interiorismo y Arquitectura. SMI<\/p>\n<p><strong>SEPTIEMBRE 10 &#8211; CIUDAD DE M\u00c9XICO &#8211; <\/strong>Westhill. Enadii<\/p>\n<p><strong>JUNIO 10 &#8211; CIUDAD DE M\u00c9XICO &#8211;\u00a0<\/strong>Panel de discusi\u00f3n del Foro de Eficiencia Energ\u00e9tica y de Sustentabilidad, Centro Banamex<\/p>\n<p><strong>MAYO 29 &#8211; PACHUCA &#8211;\u00a0<\/strong>Conferencia Expolobos 2014. Universidad de Durango Campus Chihuahua<\/p>\n<p><strong>MAYO 08 &#8211; CIUDAD DE M\u00c9XICO &#8211; <\/strong>Evento Smartwater Smartcities. Museo Memoria y Tolerancia<\/p>\n<p><strong>ABRIL 04 &#8211; PUEBLA &#8211;\u00a0<\/strong>Conferencia Enadii en la Buap. Benem\u00e9rita Universidad Aut\u00f3noma de Puebla y la Facultad de Arquitectura<\/p>\n<p><strong>MARZO 07 &#8211; CIUDAD DE M\u00c9XICO &#8211;\u00a0<\/strong>Conferencia magistral &#8220;10 espacios Arquitectura e interiorismo 2014&#8221;. Universidad Motolinia Del Pedregal organizado por Enadii[\/vc_column_text][\/vc_tta_section][vc_tta_section title=&#8221;2013&#8243; tab_id=&#8221;1575504184378-8e0177bb-be30&#8243;][vc_column_text]<strong>NOVIEMBRE 27 &#8211; PUEBLA &#8211;<\/strong>\u00a0IV Coloquio Iberoamericano de Dise\u00f1o y Tecnolog\u00eda. Benem\u00e9rita Universidad Aut\u00f3noma de Puebla.<\/p>\n<p><strong>NOVIEMBRE 21 &#8211; BAJA CALIFORNIA &#8211;\u00a0<\/strong>Semana Internacional de Dise\u00f1o, Arte y Arquitecta<\/p>\n<p><strong>OCTUBRE O4 &#8211; PACHUCA &#8211;\u00a0<\/strong>Universidad Aut\u00f3noma del Estado de Hidalgo y Enadii<\/p>\n<p><strong>SEPTIEMBRE 07 &#8211; TOLUCA &#8211;\u00a0<\/strong>Programa j\u00f3venes arquitectos, 10 congreso ADOC. Universidad del Valle de M\u00e9xico<\/p>\n<p><strong>ABRIL 05 &#8211;\u00a0OAXACA<\/strong><b> &#8211;\u00a0<\/b>Facultad de Arquitectura 5 de mayo. Universidad Aut\u00f3noma Benito Ju\u00e1rez de Oaxaca.<\/p>\n<p><strong>ABRIL 12 &#8211; TLAXCALA<\/strong><b> &#8211;\u00a0<\/b>Congreso ENADII Tlaxcala.<\/p>\n<p><strong>ABRIL 29<\/strong><b>\u00a0&#8211;\u00a0<\/b>Universidad Ixtlahuaca UIC.<\/p>\n<p><strong>MAYO 03<\/strong><b> &#8211; JALAPA.<\/b><\/p>\n<p><strong>MAYO 06 &#8211;<\/strong><b>\u00a0<\/b>UVM Lomas Verdes.<\/p>\n<p><strong>MAYO 08 &#8211;<\/strong><b>\u00a0<\/b>Esia Tecamachalco.<\/p>\n<p><strong>SEPTIEMBRE 07<\/strong><b> &#8211; <\/b>Colegio de Arquitectos &#8211; Congreso Adoc.<\/p>\n<p><strong>OCTUBRE 04 &#8211; PACHUCA<\/strong><b> &#8211; <\/b>ENADII.<\/p>\n<p><strong>OCTUBRE 04 &#8211; COLIMA<\/strong><b> &#8211; <\/b>Instituto Tecnologico de Colima &#8211; XIII Semana de Arquitectura.[\/vc_column_text][\/vc_tta_section][vc_tta_section title=&#8221;2012&#8243; tab_id=&#8221;1575514225128-50358918-ddff&#8221;][vc_column_text]<strong>MAYO 2012 &#8211; LIMA PERU<\/strong><b> &#8211;\u00a0<\/b>Primer Congreso Internacional DIPRAP de Interiorismo &amp; Dise\u00f1o, Lima 2012 &#8211;\u00a0La Sustentabilidad en el Interiorismo.<\/p>\n<p><strong>MAYO 2012 &#8211; IXTAPAN \u00a0DE LA SAL \/ VILLAGUERRERO<\/strong><b> &#8211; <\/b>Tour Irreverente 2012, ENADII M\u00e9xico, conferencia Pascal Arquitectos.<b>\u00a0<\/b><br \/>\n<b><\/b><\/p>\n<p><strong>XCI <\/strong><b>Asamblea Nacional de Arquitectos de la Rep\u00fablica Mexicana.<\/b><\/p>\n<p><strong>MAYO 2012 &#8211; DURANGO<\/strong><b> &#8211; <\/b>XII Bienal de Arquitectura &#8211;<b>\u00a0<\/b>Arquitectura responsable, cambiando paradigmas.<\/p>\n<p><b><\/b><strong>ABRIL 2012<\/strong><b> &#8211; <\/b>Tecnol\u00f3gico de Monterrey, Campus Santa Fe &#8211;\u00a0Homenaje a Ricardo Legorreta<b>,\u00a0<\/b>La arquitectura en M\u00e9xico: el pasado y el futuro.<\/p>\n<p><strong>FEBRERO 2012 &#8211; \u00a0LA PAZ<\/strong><b> &#8211; <\/b>Taller ENADII Tour Irreverente.<\/p>\n<p><strong>FEBRERO 2012 <\/strong><b>&#8211; <\/b>UDLAP XVII Congreso de Arquitectura y Arquitectura de Interiores &#8211;<b>\u00a0<\/b>Cambio Conciencia Colectiva.<\/p>\n<p><strong>SEPTIEMBRE 24<\/strong><b> &#8211;\u00a0<\/b>ENADII &#8211; Centro de Exposiciones Siglo XXI.<\/p>\n<p><strong>SEPTIEMBRE 13 &#8211; CHIAPAS<\/strong>&#8211; 40 Aniversario Colegio de Arquitectos Chiapanecos.<\/p>\n<p><strong>NOVIEMBRE 2012 &#8211; TOLUCA<\/strong><b> &#8211; <\/b>Enaddi UVM Toluca.<b><br \/>\n<\/b><b><br \/>\n<\/b><strong>NOVIEMBRE 2012<\/strong><b> &#8211; <\/b>Buap, Puebla.<\/p>\n<p><strong>DICIEMBRE 2012 &#8211; QUER\u00c9TARO<\/strong><b> &#8211; <\/b>Abc, Quer\u00e9taro la Redonda.<\/p>\n<p><strong>MAYO 2012<\/strong><b> &#8211; <\/b>Radioarquitectura Aniversario, Polyforum Siquerios.[\/vc_column_text][\/vc_tta_section][vc_tta_section title=&#8221;2011&#8243; tab_id=&#8221;1575514405941-9b212006-db3f&#8221;][vc_column_text]<strong>DICIEMBRE 2011 <\/strong><b>&#8211; <\/b>UNAM\u00a0 Talle Max Cetto.<\/p>\n<p><b><\/b><strong>NOVIEMBRE 2011 &#8211; \u00a0CHIAPAS <\/strong><b>&#8211; <\/b>Colegio de Arquitectos de Chiapas,Tapachula.<\/p>\n<p><strong>NOVIEMBRE 2011 <\/strong><b>&#8211; <\/b>Congreso Nacional de Dise\u00f1o, Arquitectura e Interiores Punto Cero.<\/p>\n<p><strong>OCTUBRE 2011<\/strong><b> &#8211; <\/b>ENADII Encuentro Nacional de Arquitectura y Dise\u00f1o de Interiores,\u00a0Polyforum Siqueiros.<\/p>\n<p><strong>OCTUBRE 2011<\/strong><b> &#8211; <\/b>Tecnol\u00f3gico de Monterrey, Campus Santa Fe &#8211;\u00a0Simposio Hyper Threads.<\/p>\n<p><strong>OCTUBRE 2011<\/strong><b> &#8211; <\/b>Tecnol\u00f3gico de Monterrey, CEM.<\/p>\n<p><strong>SEPTIEMBRE 30 &#8211; ENSENADA<\/strong> &#8211; CAPE &#8211; Foro Experimental del CEARTE.<\/p>\n<p><strong>SEPTIEMBRE 22 &#8211; COCHABAMBA BOLIVIA<\/strong>&#8211; Consejo de Arquitectura de Cochabamba &#8211; Kanata y el Dise\u00f1o de las Nuevas Tecnologias.<\/p>\n<p><strong>SEPTIEMBRE 2011<\/strong><b> &#8211;\u00a0<\/b>Foro Experimental de CEARTE.<\/p>\n<p><strong>SEPTIEMBRE 2011 &#8211; DURANGO<\/strong><b> &#8211; <\/b>Bienal Estatal de Durango 2011, Colegio de Arquitectos de Durango,<b><br \/>\n<\/b>Inserci\u00f3n de obra nueva en Centros Hist\u00f3ricos.<br \/>\n<b><br \/>\n<\/b><strong>SEPTIEMBRE 2011 &#8211; AGUASCALIENTES<\/strong><b> &#8211; <\/b>Universidad Cuauht\u00e9moc, Aguascalientes, M\u00e9xico.<\/p>\n<p><strong>SEPTIEMBRE 2011 <\/strong><b>&#8211; <\/b>Universidad An\u00e1huac del Sur &#8211;<b>\u00a0<\/b>Ciclo de Conferencias de Arquitectura.<br \/>\n<b><br \/>\n<\/b><strong>AGOSTO 2011<\/strong><b> &#8211;\u00a0<\/b>ENADII<b> &#8211;\u00a0<\/b>Circuito Chilango,\u00a0Arquitectura Interiorismo &#8211; \u00a0Auditorio del Centro Universitario<br \/>\nde la Comunicaci\u00f3n en la Colonia del Valle.<\/p>\n<p><b><\/b><strong>MAYO 2011 &#8211; TABASCO <\/strong><b>&#8211; <\/b>Colegio de Arquitectos Tabasque\u00f1os, A.C &#8211;<b>\u00a0<\/b>LXXXIX Asamblea Nacional FCARM.<br \/>\nCongreso Internacional, Expo Arquitectura,\u00a0Realidades de la Arquitectura Contempor\u00e1nea.<\/p>\n<p><strong>MAYO 2011 &#8211; FRESNILLO ZACATECAS<\/strong><b> &#8211;<\/b>Instituto Tecnol\u00f3gico Superior de Fresnillo<b> &#8211;\u00a0<\/b>VI CONGRESO DE ARQUITECTURA.<br \/>\n<b><br \/>\n<\/b><strong>ABRIL 2011<\/strong><b> &#8211; Universidad Aut\u00f3noma de Coahuila, Escuela de Arquitectura &#8211;\u00a0<\/b>5ta.\u00a0 Semana de Arquitectura 2011,<br \/>\nR-C-T\u00a0 Retoma, Crea, Trasciende.[\/vc_column_text][\/vc_tta_section][vc_tta_section title=&#8221;2010&#8243; tab_id=&#8221;1575514547763-c73d4273-4365&#8243;][vc_column_text]<strong>DICIEMBRE 3 &#8211; MORELIA<\/strong><b> &#8211;\u00a0<\/b>Universidad La Salle Morelia &#8211; Intarsia, Intromisi\u00f3n Arquitect\u00f3nica.<\/p>\n<p><strong>NOVIEMBRE 18 &#8211; SANTO DOMINGO,\u00a0REP\u00daBLICA\u00a0DOMINICANA<\/strong><b> &#8211; <\/b>Arkiforum &#8211; Practicas Innovadoras de la Arquitectura en America Latina.<\/p>\n<p><strong>OCTUBRE 11 &#8211; CHINA<\/strong> &#8211;\u00a0International Design Union &#8211; Design Changes the World.<\/p>\n<p><strong>MAYO 2010<\/strong><b> &#8211;\u00a0<\/b>Foro Dise\u00f1o Corporativo &#8211;\u00a0Colegio de Arquitectos de M\u00e9xico<\/p>\n<p><b><\/b><strong>ABRIL 2010 &#8211; CHIAPAS <\/strong><b>&#8211; <\/b>Taller de Arquitectura \u201cJos\u00e9 Antonio Toriello Mart\u00ednez\u201d del Colegio de Arquitectos de Chiapas.<\/p>\n<p><strong>MARZO 18 \u00a0&#8211; VALLE DE BRAVO<\/strong><b> &#8211; <\/b>Tour Irreverente. ENADII 2010.<\/p>\n<p><strong>MARZO 03<\/strong><b> \u00a0&#8211; <\/b>Conferencia Magistral en el marco del Intercambio con la Universidad T\u00e9cnica de Eindhoven (Holanda)\u00a0y el Departamento<br \/>\nde Arquitectura de la Universidad Iberoamericana.[\/vc_column_text][\/vc_tta_section][vc_tta_section title=&#8221;2009&#8243; tab_id=&#8221;1575514738182-58e2874a-75b0&#8243;][vc_column_text]<strong>NOVIEMBRE 21 &#8211; \u00a0LEON<\/strong><b> &#8211; <\/b>5to. Congreso de Arquitectura. Tendencias, Tecnolog\u00eda y Sustentabilidad &#8211;\u00a0Universidad de Le\u00f3n.<\/p>\n<p><strong>OCTUBRE 30 &#8211; CHETUMAL<\/strong><b> &#8211; <\/b>VIII Simposium Internacional en Ciencias. Centro Internacional de Negocios y Convenciones de Chetumal<br \/>\nInstituto Tecnol\u00f3gico de Chetumal.<\/p>\n<p><strong>OCTUBRE 02 &#8211; CELAYA GUANAJUATO &#8211; <\/strong>Pausa y Reflexi\u00f3n, Di\u00e1logos de Arquitectura\u00a0Somos Arquitectura.<strong><br \/>\n<\/strong><\/p>\n<p><strong>SEPTIEMBRE 11 &#8211; GUATEMALA<\/strong><b> &#8211; <\/b>Segundo Seminario Eco Decor 2009 &#8211;\u00a0Reciclando el Espacio, Universidad del Istmo Campus IFES.<\/p>\n<p><b><\/b><strong>JUNIO 12<\/strong><b> &#8211; 2\u00b0 CONGRESO Y EXPOSICI\u00d3N DE PROYECTOS TERMINALES DE ARQUITECTURA Y PLANEACION TERRITORIAL 09-I.<br \/>\n<\/b>El pasado<em> <strong>12 de junio<\/strong> <\/em><strong><em>Pascal Arquitectos<\/em>\u00a0<\/strong>fue invitado a participar en el Congreso,organizado por la Universidad Aut\u00f3noma Metropolitana,\u00a0Unidad Xochimilco,\u00a0a trav\u00e9s de la Divisi\u00f3n de Ciencias y Artes\u00a0para el Dise\u00f1o y su Programa de Servicio y Vinculaci\u00f3n Externa.<\/p>\n<p><b>JORNADA CON TRIUNFADORES: <\/b>Casos de \u00c9xito en el Interiorismo\u00a0Mexicano.<\/p>\n<p><strong>JUNIO 11<\/strong><b> &#8211; <\/b>9\u00aa. Edici\u00f3n Habitat Expo. Conferencia Interiorismo Comercial &#8211;\u00a0Restaurantes y Bares.<\/p>\n<p><b>ONCEAVO DIPLOMADO \/<\/b> TALLER EN ARQUITECTURA INTERIOR,\u00a02009.<\/p>\n<p><strong>MAYO 26<\/strong><b> &#8211;\u00a0<\/b>El pasado <strong>26 de Mayo <\/strong>se particip\u00f3 con la <strong>Conferencia Magistral \u201cObra Reciente\u201d<\/strong> en el Onceavo Diplomado + Taller en Arquitectura Interior,\u00a0organizado por la Facultad de Arquitectura\u00a0Divisi\u00f3n Educaci\u00f3n Continua de la Universidad Nacional Aut\u00f3noma de M\u00e9xico.<\/p>\n<p><strong>MAYO 09 &#8211; QUER\u00c9TARO<\/strong><b> &#8211; \u00a0<\/b>Arquitectura del Siglo XXI. Universidad Marista, Facultad de Arquitectura.<\/p>\n<p><strong>ABRIL 27 &#8211; SALTILLO,COAHUILA<\/strong><b> &#8211; <\/b>XXXII Semana Cultural, Universidad Aut\u00f3noma de Coahuila &#8211;\u00a0Facultad de Arquitectura Unidad Saltillo.<\/p>\n<p><strong>ABRIL DEL 1 AL 3<\/strong> <b>&#8211; <\/b>Congreso de Arquitectura &#8211;\u00a0Arquitectura Mexicana, Tendencias Actuales. Organizado por la Universidad del Valle de M\u00e9xico, UVM,\u00a0Campus Lomas Verdes,\u00a0Direcci\u00f3n de programa de Arquitectura.<\/p>\n<p><strong>ENERO 2009<\/strong><b> &#8211; <\/b>Universidad An\u00e1huac. M\u00e9xico Norte.[\/vc_column_text][\/vc_tta_section][vc_tta_section title=&#8221;2008&#8243; tab_id=&#8221;1575514946747-3c3a46b8-d7de&#8221;][vc_column_text]<strong>NOVIEMBRE 2008 &#8211; OAXACA<\/strong><b> &#8211;\u00a0<\/b>XXVI Congreso Nacional de Arquitectos sobre \u201cInserci\u00f3n de Arquitectura \u2013Contempor\u00e1nea en Centros Hist\u00f3ricos\u201d\u00a0Colegio de Arquitectos del Estado de Oaxaca, A.C. y la Federaci\u00f3n de Colegios de Arquitectos de la Rep\u00fablica Mexicana, A.C. Oaxaca.<\/p>\n<p><strong>NOVIEMBRE 2008 <\/strong><b>&#8211; Expo-On .<\/b>Instituto Tecnol\u00f3gico y de Estudios Superiores de Monterrey Campus Estado de M\u00e9xico.<strong>Conferencia Magistral.<\/strong><\/p>\n<p><strong>OCTUBRE 2008 <\/strong><b>&#8211; <\/b>Cuarto Foro de Arquitectura: <strong>\u201c Arquitectura e Interiorismo\u201d<\/strong> &#8211;\u00a0UNITEC Universidad Tecnol\u00f3gica de M\u00e9xico.<\/p>\n<p><strong>SEPTIEMBRE 2008<\/strong><b> &#8211; <\/b>Colegio de Arquitectos de la Ciudad de M\u00e9xico &#8211; Sociedad de Arquitectos Mexicanos &#8211;\u00a0Conferencia <strong>\u201cObra Reciente\u201d.<\/strong><\/p>\n<p><strong>JUNIO 2008 &#8211; GUANAJUATO<\/strong><b> &#8211; <\/b>XX Aniversario\u00a0 del Colegio de Arquitectos de San Miguel de Allende Guanajuato A.C.<\/p>\n<p><strong>MAYO 2008 <\/strong><b>&#8211; <\/b><strong>\u201cWorld Marble Awards 2008\u201d<\/strong> organizado por la \u201cInternazionale Marmi e Macchine Carrara Spa\u201d &#8211;\u00a0Conferencia Ganadores.<\/p>\n<p><strong>MAYO 2008<\/strong><b> &#8211; <\/b>Habitat EXPO 2008.<\/p>\n<p><strong>MAYO 2008 &#8211; PUERTO VALLARTA <\/strong><b>&#8211;<\/b> II Congreso Internacional SMI de Arquitectura y Dise\u00f1o de Interiores 2008. <strong>\u201cEl Futuro del Interiorismo\u201d.<\/strong><\/p>\n<p><strong><b>MARZO 2008 &#8211; MARINA DI CARRARA, ITALIA &#8211;<\/b>\u00a0<\/strong>Exhibicion Internacional Marble Architecture Awards.<strong><br \/>\n<\/strong><\/p>\n<p><strong>FEBRERO 2008<\/strong><b> &#8211; <\/b>Tercer Encuentro Nacional de Escuelas de Dise\u00f1o de Interiores &#8211;\u00a0Universidad Latina de M\u00e9xico &#8211;\u00a0<strong>Conferencia Magistral.<\/strong><b><\/b>[\/vc_column_text][\/vc_tta_section][vc_tta_section title=&#8221;2007&#8243; tab_id=&#8221;1575515052590-8943e74d-94e0&#8243;][vc_column_text]<strong>OCTUBRE 2007 &#8211; GUANAJUATO<\/strong><b> &#8211; <\/b>1er. Congreso Internacional de Arquitectura e Interiorismo &#8211;\u00a0Facultad de Arquitectura de la Universidad\u00a0de Guanajuato &#8211;\u00a0Semana de Ingenier\u00eda y Arquitectura.<\/p>\n<p><strong>OCTUBRE 2007 &#8211; <\/strong>Instituto Tecnol\u00f3gico y de Estudios Superiores de Monterrey, Campus Ciudad de M\u00e9xico.<\/p>\n<p><strong>AGOSTO 2007 &#8211; MONTERREY<\/strong><b> &#8211;<\/b> 12vo. Congreso Internacional de Arquitectura, &#8220;Divergente: Partiendo de un mismo origen.&#8221;<br \/>\nInstituto Tecnol\u00f3gico y de Estudios Superiores de Monterrey , Campus Monterrey.<\/p>\n<p><strong>MAYO 2007 <\/strong><b>&#8211; <\/b>World Interior Day\u00a0&#8211;\u00a0Conferencia<strong> \u201cInteriorismo Residencial y para la Hospitalidad.<\/strong><\/p>\n<p><strong>FEBRERO 2007<\/strong><b> &#8211; <\/b>3er. Congreso de Arquitectura e Ingenier\u00eda Civil Constructores Asociados.<\/p>\n<p><strong>ENERO 2007 &#8211; PUEBLA <\/strong><b>&#8211; \u00a0<\/b>XIII Congreso Internacional de Arquitectura &#8211;\u00a0Universidad de las Am\u00e9ricas Puebla,<strong> &#8220;Quehacer Arquitect\u00f3nico&#8221;.<\/strong><b><\/b>[\/vc_column_text][\/vc_tta_section][vc_tta_section title=&#8221;2006&#8243; tab_id=&#8221;1575515114661-10f6e6f2-c28f&#8221;][vc_column_text]<strong>AGOSTO 2006 &#8211; SONORA<\/strong><b> &#8211; <\/b>1er. Congreso Aedificare Spatium de la Escuela de Arquitectura de la Universidad de Sonora.<\/p>\n<p><strong>NOVIEMBRE 2006 &#8211; CHIAPAS<\/strong><b> &#8211; <\/b>8\u00ba Encuentro de Arquitectos, Celebraci\u00f3n del 25 Aniversario de la Fundaci\u00f3n de la Secci\u00f3n Comit\u00e1n<br \/>\nColegio de Arquitectos Chiapanecos, A.C., Secci\u00f3n Comit\u00e1n.<\/p>\n<p><strong>2do.\u00a0CONGRESO DE ARQUITECTURA E INGENIERIA CIVIL CONSTRUCTORES ASOCIADOS<\/strong><b> &#8211; <\/b>Fester 2006.<\/p>\n<p><strong>OCTUBRE 2006<\/strong><b> &#8211; <\/b>Ciclo de Conferencias \u00bfHacia donde va la Arquitectura Mexicana?<b> &#8211;\u00a0<\/b><strong>UAM Azcapotzalco.<\/strong><\/p>\n<p><b><\/b><strong>AGOSTO 2006 &#8211; DICIEMBRE<\/strong><b> &#8211; <\/b>Conferencia en el Diplomado Tecnoconstrucciones Futuras Versi\u00f3n 2.0.<\/p>\n<p><strong>MARZO 2006 &#8211; TORREON COAHUILA <\/strong><b>&#8211; <\/b>Cuarta Semana Universitaria. Universidad Iberoamericana Laguna.[\/vc_column_text][\/vc_tta_section][\/vc_tta_accordion][\/vc_column][\/vc_row]<\/p>\n<\/div>","protected":false},"excerpt":{"rendered":"<p>[vc_row][vc_column][vc_tta_accordion][vc_tta_section title=&#8221;2015&#8243; tab_id=&#8221;1575503987166-c3a62ab1-a483&#8243;][vc_column_text]FEBRERO 25 &#8211; CELAYA &#8211; \u00a0Jornada XXII de Arquitectura e Interiorismo &#8211; Universidad Latina de M\u00e9xico[\/vc_column_text][\/vc_tta_section][vc_tta_section title=&#8221;2014&#8243; tab_id=&#8221;1575503987214-267a02a5-3be1&#8243;][vc_column_text]OCTUBRE 23 &#8211; GUADALAJARA &#8211;\u00a07mo Congreso Internacional Interiorismo y Arquitectura. SMI SEPTIEMBRE 10 &#8211; CIUDAD DE M\u00c9XICO &#8211; Westhill. Enadii JUNIO 10 &#8211; CIUDAD DE M\u00c9XICO &#8211;\u00a0Panel de discusi\u00f3n del Foro de Eficiencia Energ\u00e9tica y de &hellip;<\/p>\n","protected":false},"author":2,"featured_media":0,"parent":0,"menu_order":0,"comment_status":"closed","ping_status":"closed","template":"","meta":{"inline_featured_image":false,"footnotes":""},"class_list":["post-1083","page","type-page","status-publish","hentry"],"_links":{"self":[{"href":"https:\/\/www.pascalarquitectos.com\/wordpress2\/wp-json\/wp\/v2\/pages\/1083","targetHints":{"allow":["GET"]}}],"collection":[{"href":"https:\/\/www.pascalarquitectos.com\/wordpress2\/wp-json\/wp\/v2\/pages"}],"about":[{"href":"https:\/\/www.pascalarquitectos.com\/wordpress2\/wp-json\/wp\/v2\/types\/page"}],"author":[{"embeddable":true,"href":"https:\/\/www.pascalarquitectos.com\/wordpress2\/wp-json\/wp\/v2\/users\/2"}],"replies":[{"embeddable":true,"href":"https:\/\/www.pascalarquitectos.com\/wordpress2\/wp-json\/wp\/v2\/comments?post=1083"}],"version-history":[{"count":10,"href":"https:\/\/www.pascalarquitectos.com\/wordpress2\/wp-json\/wp\/v2\/pages\/1083\/revisions"}],"predecessor-version":[{"id":13517,"href":"https:\/\/www.pascalarquitectos.com\/wordpress2\/wp-json\/wp\/v2\/pages\/1083\/revisions\/13517"}],"wp:attachment":[{"href":"https:\/\/www.pascalarquitectos.com\/wordpress2\/wp-json\/wp\/v2\/media?parent=1083"}],"curies":[{"name":"wp","href":"https:\/\/api.w.org\/{rel}","templated":true}]}}